{"id":20,"date":"2024-06-10T13:02:36","date_gmt":"2024-06-10T11:02:36","guid":{"rendered":"https:\/\/land-inn.se\/?page_id=20"},"modified":"2025-04-03T14:58:29","modified_gmt":"2025-04-03T12:58:29","slug":"om-oss","status":"publish","type":"page","link":"https:\/\/land-inn.se\/pl\/om-oss\/","title":{"rendered":"O nas"},"content":{"rendered":"<section class=\"mht-block mht-block-cta mht-block-cta-144af645851c421be4c60d3f6c2c25b5 hero-styling\" style=\"padding-top:var(--mht-block-cta-section-padding-top)\">\n\n    \n<style id='mht-block-cta-144af645851c421be4c60d3f6c2c25b5-vars'>section.mht-block-cta-144af645851c421be4c60d3f6c2c25b5{--mht-block-cta-section-padding-top:500px;--mht-block-section-rich-bg-color:rgba(34,31,30,0.6);--mht-block-section-rich-bg-image:url('https:\/\/land-inn.se\/wp-content\/uploads\/2025\/04\/Garage-1920x773.webp');--mht-block-section-rich-bg-overlay-bg-image:linear-gradient(180deg, #221F1E99 0%, #221F1E00 26%, #221F1E00 100%);--mht-block-cta-image-order:2;--mht-block-cta-texts-grid-column:1\/span 12;--mht-block-cta-texts-bg-color:var(--mht-color-general-dark);--mht-block-cta-texts-padding-top:46px;--mht-block-cta-texts-padding-right:107px;--mht-block-cta-texts-padding-bottom:90px;--mht-block-cta-texts-padding-left:60px;--mht-block-cta-texts-border-radius:var(--mht-general-border-radius, 4px);--mht-block-cta-subtitle-color:var(--mht-color-general-body-bg);--mht-block-cta-title-color:var(--mht-color-general-body-bg);--mht-block-cta-title-margin-bottom:0;--mht-block-cta-desc-color:var(--mht-color-general-body-bg)}@media(max-width:991.98px){section.mht-block-cta-144af645851c421be4c60d3f6c2c25b5{--mht-block-cta-section-padding-top:480px;--mht-block-section-rich-bg-image:url('https:\/\/land-inn.se\/wp-content\/uploads\/2025\/04\/Garage2-575x796.webp');--mht-block-section-rich-bg-overlay-bg-image:linear-gradient(180deg, #221F1E99 0%, #221F1E00 26%, #221F1E00 100%);--mht-block-cta-image-order:initial;--mht-block-cta-texts-grid-column:1 \/ -1;--mht-block-cta-texts-padding-right:24px;--mht-block-cta-texts-padding-left:24px}}<\/style>\n\n    <div class=\"section-rich-bg rich-bg\" style=\"background-color:var(--mht-block-section-rich-bg-color);background-image:var(--mht-block-section-rich-bg-image)\">\n            <\/div>\n\n    <div class=\"container\">\n        <div class=\"section-content\">\n            <div class=\"section-content--inner mht-grid content-order-d-texts_image content-order-m-image_texts align-items-end\">\n\n                \n                <div class=\"cta--texts\" style=\"grid-column:var(--mht-block-cta-texts-grid-column);background-color:var(--mht-block-cta-texts-bg-color);padding-top:var(--mht-block-cta-texts-padding-top);padding-right:var(--mht-block-cta-texts-padding-right);padding-bottom:var(--mht-block-cta-texts-padding-bottom);padding-left:var(--mht-block-cta-texts-padding-left);border-radius:var(--mht-block-cta-texts-border-radius)\">\n                    \n                                            <h1 class=\"cta--title mht-heading\" style=\"color:var(--mht-block-cta-title-color);margin-bottom:var(--mht-block-cta-title-margin-bottom)\">                            O nas w Land Inn Motel                        <\/h1>                    \n                                            <div class=\"cta--desc\" style=\"color:var(--mht-block-cta-desc-color)\">\n                            <p>Zarezerwuj nocleg w naszym motelu Rosersberg, gdy szukasz praktycznego, wygodnego i niedrogiego zakwaterowania d\u0142ugoterminowego lub zakwaterowania dla firm. Tutaj b\u0119dziesz mieszka\u0107 komfortowo w jednym z naszych odnowionych pokoi z parkingiem, wsp\u00f3lnymi udogodnieniami i blisko licznych lokali gastronomicznych w Rosersberg. Wymeldowanie i zameldowanie odbywa si\u0119 za pomoc\u0105 kodu, a w sezonie p\u0142acisz tyle samo \u2013 mamy sta\u0142e ceny przez ca\u0142y rok.<\/p>\n<p><img loading=\"lazy\" decoding=\"async\" class=\"size-full wp-image-775 alignleft\" src=\"https:\/\/land-inn.se\/wp-content\/uploads\/2025\/02\/Arets-foretagare-vit@2x.png\" alt=\"\" width=\"214\" height=\"180\" \/><\/p>\n                        <\/div>\n                    \n                                    <\/div><!-- .cta--texts -->\n\n            <\/div><!-- .section-content-inner -->\n        <\/div><!-- .section-content -->\n    <\/div><!-- .container -->\n\n<\/section>\n\n\n<div class=\"gb-container gb-container-ff8c8d7a\">\n\n<p class=\"gb-headline gb-headline-1a87d49e gb-headline-text mht-subtitle\">HISTORIA<\/p>\n\n<\/div>\n\n<section class=\"mht-block mht-block-cta mht-block-cta-a3ec42c86f1ceb1c960896afc6c63cf8 dynamic-height-cta\" style=\"margin-bottom:var(--mht-block-cta-section-margin-bottom)\">\n\n    \n<style id='mht-block-cta-a3ec42c86f1ceb1c960896afc6c63cf8-vars'>section.mht-block-cta-a3ec42c86f1ceb1c960896afc6c63cf8{--mht-block-cta-section-margin-bottom:120px;--mht-block-cta-image-grid-column:6\/span 7;--mht-block-cta-image-border-radius:4px;--mht-block-cta-image-order:2;--mht-block-cta-texts-grid-column:1\/span 4;--mht-block-cta-texts-padding-bottom:120px;--mht-block-cta-texts-margin-right:-15px;--mht-block-cta-title-margin-bottom:30px}@media(max-width:991.98px){section.mht-block-cta-a3ec42c86f1ceb1c960896afc6c63cf8{--mht-block-cta-content-row-gap:46px;--mht-block-cta-image-grid-column:1 \/ -1;--mht-block-cta-image-order:initial;--mht-block-cta-texts-grid-column:1 \/ -1;--mht-block-cta-texts-padding-bottom:0;--mht-block-cta-texts-margin-right:0}}<\/style>\n\n    <div class=\"section-rich-bg rich-bg\">\n            <\/div>\n\n    <div class=\"container\">\n        <div class=\"section-content\">\n            <div class=\"section-content--inner mht-grid content-order-d-texts_image content-order-m-image_texts align-items-start\" style=\"row-gap:var(--mht-block-cta-content-row-gap)\">\n\n                                    <figure class=\"cta--image\" style=\"grid-column:var(--mht-block-cta-image-grid-column);border-radius:var(--mht-block-cta-image-border-radius);order:var(--mht-block-cta-image-order)\">\n                        <img loading=\"lazy\" decoding=\"async\" width=\"768\" height=\"549\" src=\"https:\/\/land-inn.se\/wp-content\/uploads\/2025\/02\/461957719_18030515348461343_5778392555348618799_n@2x-768x549.webp\" class=\"display-d\" alt=\"\" srcset=\"https:\/\/land-inn.se\/wp-content\/uploads\/2025\/02\/461957719_18030515348461343_5778392555348618799_n@2x-768x549.webp 768w, https:\/\/land-inn.se\/wp-content\/uploads\/2025\/02\/461957719_18030515348461343_5778392555348618799_n@2x-300x214.webp 300w, https:\/\/land-inn.se\/wp-content\/uploads\/2025\/02\/461957719_18030515348461343_5778392555348618799_n@2x-1024x732.webp 1024w, https:\/\/land-inn.se\/wp-content\/uploads\/2025\/02\/461957719_18030515348461343_5778392555348618799_n@2x-575x411.webp 575w, https:\/\/land-inn.se\/wp-content\/uploads\/2025\/02\/461957719_18030515348461343_5778392555348618799_n@2x-1320x943.webp 1320w, https:\/\/land-inn.se\/wp-content\/uploads\/2025\/02\/461957719_18030515348461343_5778392555348618799_n@2x.webp 1450w\" sizes=\"auto, (max-width: 768px) 100vw, 768px\" \/><img loading=\"lazy\" decoding=\"async\" width=\"575\" height=\"604\" src=\"https:\/\/land-inn.se\/wp-content\/uploads\/2025\/02\/461957719_18030515348461343_5778392555348618799_n@2x-1-575x604.webp\" class=\"display-m\" alt=\"\" srcset=\"https:\/\/land-inn.se\/wp-content\/uploads\/2025\/02\/461957719_18030515348461343_5778392555348618799_n@2x-1-575x604.webp 575w, https:\/\/land-inn.se\/wp-content\/uploads\/2025\/02\/461957719_18030515348461343_5778392555348618799_n@2x-1-286x300.webp 286w, https:\/\/land-inn.se\/wp-content\/uploads\/2025\/02\/461957719_18030515348461343_5778392555348618799_n@2x-1.webp 718w\" sizes=\"auto, (max-width: 575px) 100vw, 575px\" \/>                    <\/figure><!-- .cta--image -->\n                \n                <div class=\"cta--texts\" style=\"grid-column:var(--mht-block-cta-texts-grid-column);padding-bottom:var(--mht-block-cta-texts-padding-bottom);margin-right:var(--mht-block-cta-texts-margin-right)\">\n                    \n                                            <h2 class=\"cta--title mht-heading\" style=\"margin-bottom:var(--mht-block-cta-title-margin-bottom)\">                            Zakwaterowanie firmowe i apartamenty go\u015bcinne od 19 lat                        <\/h2>                    \n                                            <div class=\"cta--desc\">\n                            <p>Land Inn Motel zosta\u0142 za\u0142o\u017cony w 2006 roku i od tego czasu rozr\u00f3s\u0142 si\u0119 z jednego domu i kilku warsztat\u00f3w do jedenastu budynk\u00f3w z 60 mieszkaniami i 30 pokojami. Z biegiem lat stali\u015bmy si\u0119 jednym z najwi\u0119kszych moteli w okolicy i dzi\u015b przyjmujemy go\u015bci z r\u00f3\u017cnych cz\u0119\u015bci \u015bwiata, kt\u00f3rzy szukaj\u0105 praktycznego i wygodnego rozwi\u0105zania zakwaterowania na d\u0142u\u017cszy pobyt.<\/p>\n<p>Nasze sprawne rozwi\u0105zanie z kodem dost\u0119pu i samodzielnym zameldowaniem uczyni\u0142o nas popularnym wyborem przede wszystkim dla zespo\u0142\u00f3w roboczych i firm dzia\u0142aj\u0105cych w Sztokholmie, Uppsali i w okolicach Arlandy.<\/p>\n                        <\/div>\n                    \n                                    <\/div><!-- .cta--texts -->\n\n            <\/div><!-- .section-content-inner -->\n        <\/div><!-- .section-content -->\n    <\/div><!-- .container -->\n\n<\/section>\n\n\n<div class=\"gb-container gb-container-40978b5d\">\n\n<p class=\"gb-headline gb-headline-323d14d4 gb-headline-text mht-subtitle\">PRZEDSI\u0118BIORCA ROKU<\/p>\n\n<\/div>\n\n<section class=\"mht-block mht-block-cta mht-block-cta-2b8833102c8f682e901e22d8db7cd626 dynamic-height-cta\" style=\"margin-bottom:var(--mht-block-cta-section-margin-bottom)\">\n\n    \n<style id='mht-block-cta-2b8833102c8f682e901e22d8db7cd626-vars'>section.mht-block-cta-2b8833102c8f682e901e22d8db7cd626{--mht-block-cta-section-margin-bottom:120px;--mht-block-cta-image-grid-column:1\/span 7;--mht-block-cta-image-border-radius:4px;--mht-block-cta-texts-grid-column:8\/span 5;--mht-block-cta-texts-padding-bottom:120px;--mht-block-cta-texts-margin-right:46px;--mht-block-cta-texts-margin-left:46px;--mht-block-cta-title-margin-bottom:30px}@media(max-width:991.98px){section.mht-block-cta-2b8833102c8f682e901e22d8db7cd626{--mht-block-cta-section-margin-bottom:120px;--mht-block-cta-content-row-gap:46px;--mht-block-cta-image-grid-column:1 \/ -1;--mht-block-cta-texts-grid-column:1 \/ -1;--mht-block-cta-texts-padding-bottom:0;--mht-block-cta-texts-margin-right:0;--mht-block-cta-texts-margin-left:0}}<\/style>\n\n    <div class=\"section-rich-bg rich-bg\">\n            <\/div>\n\n    <div class=\"container\">\n        <div class=\"section-content\">\n            <div class=\"section-content--inner mht-grid content-order-d-image_texts content-order-m-image_texts align-items-start\" style=\"row-gap:var(--mht-block-cta-content-row-gap)\">\n\n                                    <figure class=\"cta--image\" style=\"grid-column:var(--mht-block-cta-image-grid-column);border-radius:var(--mht-block-cta-image-border-radius)\">\n                        <img loading=\"lazy\" decoding=\"async\" width=\"768\" height=\"549\" src=\"https:\/\/land-inn.se\/wp-content\/uploads\/2025\/04\/arets-foretagare-stor-768x549.webp\" class=\"display-d\" alt=\"\" srcset=\"https:\/\/land-inn.se\/wp-content\/uploads\/2025\/04\/arets-foretagare-stor-768x549.webp 768w, https:\/\/land-inn.se\/wp-content\/uploads\/2025\/04\/arets-foretagare-stor-300x214.webp 300w, https:\/\/land-inn.se\/wp-content\/uploads\/2025\/04\/arets-foretagare-stor-1024x732.webp 1024w, https:\/\/land-inn.se\/wp-content\/uploads\/2025\/04\/arets-foretagare-stor-18x12.webp 18w, https:\/\/land-inn.se\/wp-content\/uploads\/2025\/04\/arets-foretagare-stor-575x411.webp 575w, https:\/\/land-inn.se\/wp-content\/uploads\/2025\/04\/arets-foretagare-stor-1320x943.webp 1320w, https:\/\/land-inn.se\/wp-content\/uploads\/2025\/04\/arets-foretagare-stor.webp 1450w\" sizes=\"auto, (max-width: 768px) 100vw, 768px\" \/><img loading=\"lazy\" decoding=\"async\" width=\"575\" height=\"597\" src=\"https:\/\/land-inn.se\/wp-content\/uploads\/2025\/04\/arets-foretagare-575x597.webp\" class=\"display-m\" alt=\"\" srcset=\"https:\/\/land-inn.se\/wp-content\/uploads\/2025\/04\/arets-foretagare-575x597.webp 575w, https:\/\/land-inn.se\/wp-content\/uploads\/2025\/04\/arets-foretagare-289x300.webp 289w, https:\/\/land-inn.se\/wp-content\/uploads\/2025\/04\/arets-foretagare-12x12.webp 12w, https:\/\/land-inn.se\/wp-content\/uploads\/2025\/04\/arets-foretagare.webp 718w\" sizes=\"auto, (max-width: 575px) 100vw, 575px\" \/>                    <\/figure><!-- .cta--image -->\n                \n                <div class=\"cta--texts\" style=\"grid-column:var(--mht-block-cta-texts-grid-column);padding-bottom:var(--mht-block-cta-texts-padding-bottom);margin-right:var(--mht-block-cta-texts-margin-right);margin-left:var(--mht-block-cta-texts-margin-left)\">\n                    \n                                            <h2 class=\"cta--title mht-heading\" style=\"margin-bottom:var(--mht-block-cta-title-margin-bottom)\">                            Dumnie odbiera nagrod\u0119 Przedsi\u0119biorcy Roku w Sigtunie                        <\/h2>                    \n                                            <div class=\"cta--desc\">\n                            <p>Nasze zaanga\u017cowanie w oferowanie wygodnych, przyst\u0119pnych cenowo i d\u0142ugoterminowych zakwaterowa\u0144 dla firm zosta\u0142o docenione w 2018 roku, kiedy to zostali\u015bmy wybrani Przedsi\u0119biorcami Roku w Sigtunie. To wyr\u00f3\u017cnienie jest dowodem naszego zaanga\u017cowania i umiej\u0119tno\u015bci oferowania bezpiecznego, praktycznego i cenionego rozwi\u0105zania mieszkaniowego dla zespo\u0142\u00f3w roboczych i firm.<\/p>\n<p>Kontynuujemy rozwijanie naszej koncepcji, aby sprosta\u0107 potrzebom naszych klient\u00f3w i zapewni\u0107 wszystkim go\u015bciom p\u0142ynny i komfortowy pobyt. Zapraszamy!<\/p>\n                        <\/div>\n                    \n                                    <\/div><!-- .cta--texts -->\n\n            <\/div><!-- .section-content-inner -->\n        <\/div><!-- .section-content -->\n    <\/div><!-- .container -->\n\n<\/section>\n\n\n<div class=\"gb-container gb-container-7f89e9b4\">\n<section class=\"mht-block mht-block-cta mht-block-cta-53de5a9d0f2cef95528e650e52ce4a51 left-button-cta bordered-cta\" style=\"padding-top:var(--mht-block-cta-section-padding-top);padding-right:var(--mht-block-cta-section-padding-right);padding-bottom:var(--mht-block-cta-section-padding-bottom);padding-left:var(--mht-block-cta-section-padding-left);border-radius:var(--mht-block-cta-section-border-radius)\">\n\n    \n<style id='mht-block-cta-53de5a9d0f2cef95528e650e52ce4a51-vars'>section.mht-block-cta-53de5a9d0f2cef95528e650e52ce4a51{--mht-block-cta-section-padding-top:60px;--mht-block-cta-section-padding-right:60px;--mht-block-cta-section-padding-bottom:60px;--mht-block-cta-section-padding-left:60px;--mht-block-cta-section-border-radius:var(--mht-general-border-radius, 4px);--mht-block-section-rich-bg-color:var(--mht-color-general-secondary);--mht-block-cta-container-padding-right:0;--mht-block-cta-container-padding-left:0;--mht-block-cta-image-order:2;--mht-block-cta-texts-grid-column:1\/span 7;--mht-block-cta-subtitle-margin-bottom:24px;--mht-block-cta-subtitle-margin-left:6px;--mht-block-cta-title-margin-bottom:0;--mht-block-cta-links-margin-bottom:8px}@media(max-width:991.98px){section.mht-block-cta-53de5a9d0f2cef95528e650e52ce4a51{--mht-block-cta-section-padding-top:46px;--mht-block-cta-section-padding-right:30px;--mht-block-cta-section-padding-bottom:80px;--mht-block-cta-section-padding-left:24px;--mht-block-cta-image-order:initial;--mht-block-cta-texts-grid-column:1 \/ -1;--mht-block-cta-subtitle-margin-left:3px;--mht-block-cta-title-margin-bottom:46px;--mht-block-cta-links-margin-bottom:0}}<\/style>\n\n    <div class=\"section-rich-bg rich-bg\" style=\"background-color:var(--mht-block-section-rich-bg-color)\">\n            <\/div>\n\n    <div class=\"container\" style=\"padding-right:var(--mht-block-cta-container-padding-right);padding-left:var(--mht-block-cta-container-padding-left)\">\n        <div class=\"section-content\">\n            <div class=\"section-content--inner mht-grid content-order-d-texts_image content-order-m-image_texts align-items-end\">\n\n                \n                <div class=\"cta--texts\" style=\"grid-column:var(--mht-block-cta-texts-grid-column)\">\n                                            <h5 class=\"cta--subtitle mht-subtitle mht-heading\" style=\"margin-bottom:var(--mht-block-cta-subtitle-margin-bottom);margin-left:var(--mht-block-cta-subtitle-margin-left)\">\n                            ZAREZERWUJ ZAKWATEROWANIE                        <\/h5>\n                    \n                                            <h2 class=\"cta--title mht-heading\" style=\"margin-bottom:var(--mht-block-cta-title-margin-bottom)\">                            Elastycznie, przyst\u0119pnie cenowo, blisko Sztokholmu, Uppsali i Arlandy. Zamieszkaj w Land-Inn Motel!                         <\/h2>                    \n                    \n                                            <div class=\"cta--links\" style=\"margin-bottom:var(--mht-block-cta-links-margin-bottom)\">\n                            <div class=\"mht-links\">\n                                <a\n        class=\"btn btn-primary\"\n        href=\"https:\/\/land-inn.se\/pl\/kontakta-oss\/\"\n                    >\n\n    <span class=\"btn--text\">Skontaktuj si\u0119 z nami<\/span>\n\n    <\/a>\n            \n        <\/div>                        <\/div>\n                                    <\/div><!-- .cta--texts -->\n\n            <\/div><!-- .section-content-inner -->\n        <\/div><!-- .section-content -->\n    <\/div><!-- .container -->\n\n<\/section>\n\n<\/div>","protected":false},"excerpt":{"rendered":"<p>Historia Przedsi\u0119biorcy Roku<\/p>","protected":false},"author":7,"featured_media":0,"parent":0,"menu_order":0,"comment_status":"closed","ping_status":"closed","template":"","meta":{"_acf_changed":true,"footnotes":""},"class_list":["post-20","page","type-page","status-publish","hentry"],"acf":[],"yoast_head":"<!-- This site is optimized with the Yoast SEO plugin v24.5 - https:\/\/yoast.com\/wordpress\/plugins\/seo\/ -->\n<title>Om Land-Inn Motel | Ditt motell Rosersberg<\/title>\n<meta name=\"description\" content=\"Motell Rosersberg. F\u00f6retagsboende och l\u00e4genhetshotell sedan 2006. H\u00e4r bor du bekv\u00e4mt, prisv\u00e4rt och n\u00e4ra Stockholm, Uppsala och Arlanda.\" \/>\n<meta name=\"robots\" content=\"index, follow, max-snippet:-1, max-image-preview:large, max-video-preview:-1\" \/>\n<link rel=\"canonical\" href=\"https:\/\/land-inn.se\/pl\/om-oss\/\" \/>\n<meta property=\"og:locale\" content=\"pl_PL\" \/>\n<meta property=\"og:type\" content=\"article\" \/>\n<meta property=\"og:title\" content=\"Om Land-Inn Motel | Ditt motell Rosersberg\" \/>\n<meta property=\"og:description\" content=\"Motell Rosersberg. F\u00f6retagsboende och l\u00e4genhetshotell sedan 2006. H\u00e4r bor du bekv\u00e4mt, prisv\u00e4rt och n\u00e4ra Stockholm, Uppsala och Arlanda.\" \/>\n<meta property=\"og:url\" content=\"https:\/\/land-inn.se\/pl\/om-oss\/\" \/>\n<meta property=\"og:site_name\" content=\"The Land Inn Motel\" \/>\n<meta property=\"article:publisher\" content=\"https:\/\/www.facebook.com\/LandInnMotel\/\" \/>\n<meta property=\"article:modified_time\" content=\"2025-04-03T12:58:29+00:00\" \/>\n<meta property=\"og:image\" content=\"https:\/\/land-inn.se\/wp-content\/uploads\/2025\/03\/LandInn-Smide-Site-image.webp\" \/>\n\t<meta property=\"og:image:width\" content=\"1200\" \/>\n\t<meta property=\"og:image:height\" content=\"675\" \/>\n\t<meta property=\"og:image:type\" content=\"image\/webp\" \/>\n<meta name=\"twitter:card\" content=\"summary_large_image\" \/>\n<meta name=\"twitter:label1\" content=\"Est. reading time\" \/>\n\t<meta name=\"twitter:data1\" content=\"1 minuta\" \/>\n<script type=\"application\/ld+json\" class=\"yoast-schema-graph\">{\"@context\":\"https:\/\/schema.org\",\"@graph\":[{\"@type\":\"WebPage\",\"@id\":\"https:\/\/land-inn.se\/om-oss\/\",\"url\":\"https:\/\/land-inn.se\/om-oss\/\",\"name\":\"Om Land-Inn Motel | Ditt motell Rosersberg\",\"isPartOf\":{\"@id\":\"https:\/\/land-inn.se\/#website\"},\"datePublished\":\"2024-06-10T11:02:36+00:00\",\"dateModified\":\"2025-04-03T12:58:29+00:00\",\"description\":\"Motell Rosersberg. F\u00f6retagsboende och l\u00e4genhetshotell sedan 2006. H\u00e4r bor du bekv\u00e4mt, prisv\u00e4rt och n\u00e4ra Stockholm, Uppsala och Arlanda.\",\"breadcrumb\":{\"@id\":\"https:\/\/land-inn.se\/om-oss\/#breadcrumb\"},\"inLanguage\":\"pl-PL\",\"potentialAction\":[{\"@type\":\"ReadAction\",\"target\":[\"https:\/\/land-inn.se\/om-oss\/\"]}]},{\"@type\":\"BreadcrumbList\",\"@id\":\"https:\/\/land-inn.se\/om-oss\/#breadcrumb\",\"itemListElement\":[{\"@type\":\"ListItem\",\"position\":1,\"name\":\"Home\",\"item\":\"https:\/\/land-inn.se\/\"},{\"@type\":\"ListItem\",\"position\":2,\"name\":\"Om oss\"}]},{\"@type\":\"WebSite\",\"@id\":\"https:\/\/land-inn.se\/#website\",\"url\":\"https:\/\/land-inn.se\/\",\"name\":\"Land-Inn Motel AB\",\"description\":\"\",\"publisher\":{\"@id\":\"https:\/\/land-inn.se\/#organization\"},\"potentialAction\":[{\"@type\":\"SearchAction\",\"target\":{\"@type\":\"EntryPoint\",\"urlTemplate\":\"https:\/\/land-inn.se\/?s={search_term_string}\"},\"query-input\":{\"@type\":\"PropertyValueSpecification\",\"valueRequired\":true,\"valueName\":\"search_term_string\"}}],\"inLanguage\":\"pl-PL\"},{\"@type\":[\"Organization\",\"Place\"],\"@id\":\"https:\/\/land-inn.se\/#organization\",\"name\":\"Land-Inn Motel AB\",\"url\":\"https:\/\/land-inn.se\/\",\"logo\":{\"@id\":\"https:\/\/land-inn.se\/om-oss\/#local-main-organization-logo\"},\"image\":{\"@id\":\"https:\/\/land-inn.se\/om-oss\/#local-main-organization-logo\"},\"sameAs\":[\"https:\/\/www.facebook.com\/LandInnMotel\/\"],\"address\":{\"@id\":\"https:\/\/land-inn.se\/om-oss\/#local-main-place-address\"},\"geo\":{\"@type\":\"GeoCoordinates\",\"latitude\":\"59.58662021818094\",\"longitude\":\"17.8797610270168\"},\"telephone\":[\"0859035043\"],\"openingHoursSpecification\":[],\"email\":\"info@land-inn.se\"},{\"@type\":\"PostalAddress\",\"@id\":\"https:\/\/land-inn.se\/om-oss\/#local-main-place-address\",\"streetAddress\":\"Slottsv\u00e4gen 15A\",\"addressLocality\":\"Rosersberg\",\"postalCode\":\"19571\",\"addressCountry\":\"SE\"},{\"@type\":\"ImageObject\",\"inLanguage\":\"pl-PL\",\"@id\":\"https:\/\/land-inn.se\/om-oss\/#local-main-organization-logo\",\"url\":\"https:\/\/land-inn.se\/wp-content\/uploads\/2025\/03\/LandInn-Smide-Organization-Logo.webp\",\"contentUrl\":\"https:\/\/land-inn.se\/wp-content\/uploads\/2025\/03\/LandInn-Smide-Organization-Logo.webp\",\"width\":696,\"height\":696,\"caption\":\"Land-Inn Motel AB\"}]}<\/script>\n<meta name=\"geo.placename\" content=\"Rosersberg\" \/>\n<meta name=\"geo.position\" content=\"59.58662021818094;17.8797610270168\" \/>\n<meta name=\"geo.region\" content=\"Sweden\" \/>\n<!-- \/ Yoast SEO plugin. -->","yoast_head_json":{"title":"Om Land-Inn Motel | Ditt motell Rosersberg","description":"Motell Rosersberg. F\u00f6retagsboende och l\u00e4genhetshotell sedan 2006. H\u00e4r bor du bekv\u00e4mt, prisv\u00e4rt och n\u00e4ra Stockholm, Uppsala och Arlanda.","robots":{"index":"index","follow":"follow","max-snippet":"max-snippet:-1","max-image-preview":"max-image-preview:large","max-video-preview":"max-video-preview:-1"},"canonical":"https:\/\/land-inn.se\/pl\/om-oss\/","og_locale":"pl_PL","og_type":"article","og_title":"Om Land-Inn Motel | Ditt motell Rosersberg","og_description":"Motell Rosersberg. F\u00f6retagsboende och l\u00e4genhetshotell sedan 2006. H\u00e4r bor du bekv\u00e4mt, prisv\u00e4rt och n\u00e4ra Stockholm, Uppsala och Arlanda.","og_url":"https:\/\/land-inn.se\/pl\/om-oss\/","og_site_name":"The Land Inn Motel","article_publisher":"https:\/\/www.facebook.com\/LandInnMotel\/","article_modified_time":"2025-04-03T12:58:29+00:00","og_image":[{"width":1200,"height":675,"url":"https:\/\/land-inn.se\/wp-content\/uploads\/2025\/03\/LandInn-Smide-Site-image.webp","type":"image\/webp"}],"twitter_card":"summary_large_image","twitter_misc":{"Est. reading time":"1 minuta"},"schema":{"@context":"https:\/\/schema.org","@graph":[{"@type":"WebPage","@id":"https:\/\/land-inn.se\/om-oss\/","url":"https:\/\/land-inn.se\/om-oss\/","name":"Om Land-Inn Motel | Ditt motell Rosersberg","isPartOf":{"@id":"https:\/\/land-inn.se\/#website"},"datePublished":"2024-06-10T11:02:36+00:00","dateModified":"2025-04-03T12:58:29+00:00","description":"Motell Rosersberg. F\u00f6retagsboende och l\u00e4genhetshotell sedan 2006. H\u00e4r bor du bekv\u00e4mt, prisv\u00e4rt och n\u00e4ra Stockholm, Uppsala och Arlanda.","breadcrumb":{"@id":"https:\/\/land-inn.se\/om-oss\/#breadcrumb"},"inLanguage":"pl-PL","potentialAction":[{"@type":"ReadAction","target":["https:\/\/land-inn.se\/om-oss\/"]}]},{"@type":"BreadcrumbList","@id":"https:\/\/land-inn.se\/om-oss\/#breadcrumb","itemListElement":[{"@type":"ListItem","position":1,"name":"Home","item":"https:\/\/land-inn.se\/"},{"@type":"ListItem","position":2,"name":"Om oss"}]},{"@type":"WebSite","@id":"https:\/\/land-inn.se\/#website","url":"https:\/\/land-inn.se\/","name":"Land-Inn Motel AB","description":"","publisher":{"@id":"https:\/\/land-inn.se\/#organization"},"potentialAction":[{"@type":"SearchAction","target":{"@type":"EntryPoint","urlTemplate":"https:\/\/land-inn.se\/?s={search_term_string}"},"query-input":{"@type":"PropertyValueSpecification","valueRequired":true,"valueName":"search_term_string"}}],"inLanguage":"pl-PL"},{"@type":["Organization","Place"],"@id":"https:\/\/land-inn.se\/#organization","name":"Land-Inn Motel AB","url":"https:\/\/land-inn.se\/","logo":{"@id":"https:\/\/land-inn.se\/om-oss\/#local-main-organization-logo"},"image":{"@id":"https:\/\/land-inn.se\/om-oss\/#local-main-organization-logo"},"sameAs":["https:\/\/www.facebook.com\/LandInnMotel\/"],"address":{"@id":"https:\/\/land-inn.se\/om-oss\/#local-main-place-address"},"geo":{"@type":"GeoCoordinates","latitude":"59.58662021818094","longitude":"17.8797610270168"},"telephone":["0859035043"],"openingHoursSpecification":[],"email":"info@land-inn.se"},{"@type":"PostalAddress","@id":"https:\/\/land-inn.se\/om-oss\/#local-main-place-address","streetAddress":"Slottsv\u00e4gen 15A","addressLocality":"Rosersberg","postalCode":"19571","addressCountry":"SE"},{"@type":"ImageObject","inLanguage":"pl-PL","@id":"https:\/\/land-inn.se\/om-oss\/#local-main-organization-logo","url":"https:\/\/land-inn.se\/wp-content\/uploads\/2025\/03\/LandInn-Smide-Organization-Logo.webp","contentUrl":"https:\/\/land-inn.se\/wp-content\/uploads\/2025\/03\/LandInn-Smide-Organization-Logo.webp","width":696,"height":696,"caption":"Land-Inn Motel AB"}]},"geo.placename":"Rosersberg","geo.position":{"lat":"59.58662021818094","long":"17.8797610270168"},"geo.region":"Sweden"},"_links":{"self":[{"href":"https:\/\/land-inn.se\/pl\/wp-json\/wp\/v2\/pages\/20","targetHints":{"allow":["GET"]}}],"collection":[{"href":"https:\/\/land-inn.se\/pl\/wp-json\/wp\/v2\/pages"}],"about":[{"href":"https:\/\/land-inn.se\/pl\/wp-json\/wp\/v2\/types\/page"}],"author":[{"embeddable":true,"href":"https:\/\/land-inn.se\/pl\/wp-json\/wp\/v2\/users\/7"}],"replies":[{"embeddable":true,"href":"https:\/\/land-inn.se\/pl\/wp-json\/wp\/v2\/comments?post=20"}],"version-history":[{"count":0,"href":"https:\/\/land-inn.se\/pl\/wp-json\/wp\/v2\/pages\/20\/revisions"}],"wp:attachment":[{"href":"https:\/\/land-inn.se\/pl\/wp-json\/wp\/v2\/media?parent=20"}],"curies":[{"name":"wp","href":"https:\/\/api.w.org\/{rel}","templated":true}]}}